{"id":1233,"date":"2025-06-02T12:40:35","date_gmt":"2025-06-02T09:40:35","guid":{"rendered":"https:\/\/m24press.com\/clause-de-non-responsabilite-m24-press\/"},"modified":"2025-06-02T16:14:24","modified_gmt":"2025-06-02T13:14:24","slug":"clause-de-non-responsabilite-m24-press","status":"publish","type":"page","link":"https:\/\/m24press.com\/fr\/clause-de-non-responsabilite-m24-press\/","title":{"rendered":"Clause de non-responsabilit\u00e9 &#8211; M24 Press"},"content":{"rendered":"\n<h3 class=\"wp-block-heading\">Bootstrap<\/h3>\n\n<p><strong>M24 Press<\/strong><a class=\"\" href=\"https:\/\/m24press.com\/fr\/\">(https:\/\/m24press.com)<\/a> fournit un contenu m\u00e9diatique g\u00e9n\u00e9ral et d&rsquo;actualit\u00e9 qui vise \u00e0 rapporter et \u00e0 analyser les \u00e9v\u00e9nements \u00e0 partir d&rsquo;une vari\u00e9t\u00e9 de sources. En utilisant ce site web. Vous reconnaissez et acceptez les termes de cette clause de non-responsabilit\u00e9.<\/p>\n\n<h3 class=\"wp-block-heading\">L&rsquo;exactitude des informations<\/h3>\n\n<p>Nous mettons tout en \u0153uvre pour nous assurer que les informations publi\u00e9es sont exactes et correctes. Cependant. Nous ne garantissons pas que toutes les informations soient exemptes d&rsquo;erreurs, compl\u00e8tes ou \u00e0 jour \u00e0 tout moment. Certains articles peuvent contenir des opinions personnelles qui ne refl\u00e8tent pas n\u00e9cessairement l&rsquo;opinion de la direction du site.<\/p>\n\n<h3 class=\"wp-block-heading\">Pas de conseil<\/h3>\n\n<p>Tout le contenu publi\u00e9 sur le site web. Y compris des articles, des rapports et des analyses. Il ne constitue en aucun cas un conseil juridique, m\u00e9dical ou financier. Il est toujours conseill\u00e9 de consulter des sp\u00e9cialistes dans les domaines concern\u00e9s avant de prendre une d\u00e9cision.<\/p>\n\n<h3 class=\"wp-block-heading\">Liens externes<\/h3>\n\n<p>Le site peut contenir des liens vers d&rsquo;autres sites web dont le contenu ou les politiques ne sont pas sous notre contr\u00f4le. Nous ne sommes pas responsables du contenu ou des pratiques de confidentialit\u00e9 de ces sites.<\/p>\n\n<h3 class=\"wp-block-heading\">Contenu de tiers<\/h3>\n\n<p>Le site web peut publier des articles, des commentaires ou des opinions de tiers. Ils n&rsquo;expriment que les opinions de leurs propri\u00e9taires. Nous n&rsquo;acceptons aucune responsabilit\u00e9 juridique ou morale pour ces avis.<\/p>\n\n<h3 class=\"wp-block-heading\">Responsabilit\u00e9 juridique<\/h3>\n\n<p>En utilisant ce site web. vous acceptez que M24 Press. Y compris le personnel et les r\u00e9dacteurs. Nous ne sommes pas responsables des pertes ou dommages directs ou indirects r\u00e9sultant de l&rsquo;utilisation des informations ou des services fournis sur le site.<\/p>\n\n<h3 class=\"wp-block-heading\">La modifiabilit\u00e9<\/h3>\n\n<p>M24 Press se r\u00e9serve le droit de modifier cette clause de non-responsabilit\u00e9 \u00e0 tout moment et sans pr\u00e9avis. En continuant \u00e0 utiliser le site web, vous acceptez les modifications.<\/p>\n\n<p><\/p>\n","protected":false},"excerpt":{"rendered":"<p>Bootstrap M24 Press(https:\/\/m24press.com) fournit un contenu m\u00e9diatique g\u00e9n\u00e9ral et d&rsquo;actualit\u00e9 qui vise \u00e0 rapporter et \u00e0 analyser les \u00e9v\u00e9nements \u00e0 partir d&rsquo;une vari\u00e9t\u00e9 de sources. En utilisant ce site web. Vous reconnaissez et acceptez les termes de cette clause de non-responsabilit\u00e9. L&rsquo;exactitude des informations Nous mettons tout en \u0153uvre pour nous assurer que les informations &hellip;<\/p>\n","protected":false},"author":1,"featured_media":0,"parent":0,"menu_order":0,"comment_status":"closed","ping_status":"closed","template":"","meta":{"footnotes":""},"class_list":["post-1233","page","type-page","status-publish","hentry"],"_links":{"self":[{"href":"https:\/\/m24press.com\/fr\/wp-json\/wp\/v2\/pages\/1233","targetHints":{"allow":["GET"]}}],"collection":[{"href":"https:\/\/m24press.com\/fr\/wp-json\/wp\/v2\/pages"}],"about":[{"href":"https:\/\/m24press.com\/fr\/wp-json\/wp\/v2\/types\/page"}],"author":[{"embeddable":true,"href":"https:\/\/m24press.com\/fr\/wp-json\/wp\/v2\/users\/1"}],"replies":[{"embeddable":true,"href":"https:\/\/m24press.com\/fr\/wp-json\/wp\/v2\/comments?post=1233"}],"version-history":[{"count":1,"href":"https:\/\/m24press.com\/fr\/wp-json\/wp\/v2\/pages\/1233\/revisions"}],"predecessor-version":[{"id":1235,"href":"https:\/\/m24press.com\/fr\/wp-json\/wp\/v2\/pages\/1233\/revisions\/1235"}],"wp:attachment":[{"href":"https:\/\/m24press.com\/fr\/wp-json\/wp\/v2\/media?parent=1233"}],"curies":[{"name":"wp","href":"https:\/\/api.w.org\/{rel}","templated":true}]}}